{"id":5395,"date":"2023-12-21T11:39:25","date_gmt":"2023-12-21T10:39:25","guid":{"rendered":"https:\/\/teguioenbarcelona.com\/faqs\/"},"modified":"2023-12-21T11:39:25","modified_gmt":"2023-12-21T10:39:25","slug":"faqs","status":"publish","type":"page","link":"https:\/\/teguioenbarcelona.com\/it\/faqs\/","title":{"rendered":"FAQs"},"content":{"rendered":"<p>[et_pb_section fb_built=&#8221;1&#8243; fullwidth=&#8221;on&#8221; admin_label=&#8221;Secci\u00f3n&#8221; _builder_version=&#8221;4.23.1&#8243; background_color=&#8221;#9C0069&#8243; global_colors_info=&#8221;{}&#8221;][et_pb_fullwidth_header title=&#8221;FAQs&#8221; text_orientation=&#8221;center&#8221; content_max_width=&#8221;none&#8221; _builder_version=&#8221;4.23.1&#8243; title_font=&#8221;|700|||||||&#8221; title_text_color=&#8221;#FFFFFF&#8221; background_color=&#8221;rgba(255, 255, 255, 0)&#8221; background_layout=&#8221;light&#8221; hover_enabled=&#8221;0&#8243; button_one_border_radius_hover=&#8221;3&#8243; button_two_border_radius_hover=&#8221;3&#8243; button_one_letter_spacing_hover=&#8221;0&#8243; button_two_letter_spacing_hover=&#8221;0&#8243; global_colors_info=&#8221;{}&#8221; button_one_text_size__hover_enabled=&#8221;off&#8221; button_two_text_size__hover_enabled=&#8221;off&#8221; button_one_text_color__hover_enabled=&#8221;off&#8221; button_two_text_color__hover_enabled=&#8221;off&#8221; button_one_border_width__hover_enabled=&#8221;off&#8221; button_two_border_width__hover_enabled=&#8221;off&#8221; button_one_border_color__hover_enabled=&#8221;off&#8221; button_two_border_color__hover_enabled=&#8221;off&#8221; button_one_border_radius__hover_enabled=&#8221;on&#8221; button_one_border_radius__hover=&#8221;3&#8243; button_two_border_radius__hover_enabled=&#8221;on&#8221; button_two_border_radius__hover=&#8221;3&#8243; button_one_letter_spacing__hover_enabled=&#8221;on&#8221; button_one_letter_spacing__hover=&#8221;0&#8243; button_two_letter_spacing__hover_enabled=&#8221;on&#8221; button_two_letter_spacing__hover=&#8221;0&#8243; button_one_bg_color__hover_enabled=&#8221;off&#8221; button_two_bg_color__hover_enabled=&#8221;off&#8221; sticky_enabled=&#8221;0&#8243;][\/et_pb_fullwidth_header][\/et_pb_section][et_pb_section fb_built=&#8221;1&#8243; admin_label=&#8221;Secci\u00f3n&#8221; _builder_version=&#8221;4.23.1&#8243; background_color=&#8221;rgba(0,0,0,0.06)&#8221; custom_padding=&#8221;50px||50px||true|false&#8221; global_colors_info=&#8221;{}&#8221;][et_pb_row admin_label=&#8221;Fila&#8221; _builder_version=&#8221;4.23.1&#8243; background_size=&#8221;initial&#8221; background_position=&#8221;top_left&#8221; background_repeat=&#8221;repeat&#8221; custom_padding=&#8221;0px||0px||true|false&#8221; global_colors_info=&#8221;{}&#8221;][et_pb_column type=&#8221;4_4&#8243; _builder_version=&#8221;4.16&#8243; custom_padding=&#8221;|||&#8221; global_colors_info=&#8221;{}&#8221; custom_padding__hover=&#8221;|||&#8221;][et_pb_text _builder_version=&#8221;4.23.1&#8243; link_font=&#8221;|600|||on|||#9C0069|&#8221; link_text_color=&#8221;#9C0069&#8243; header_2_font=&#8221;|700|||on||||&#8221; header_2_text_color=&#8221;#9C0069&#8243; header_3_font=&#8221;|600|||||||&#8221; header_3_text_color=&#8221;#9C0069&#8243; custom_margin=&#8221;||0%|||&#8221; header_2_font_size_tablet=&#8221;24px&#8221; header_2_font_size_last_edited=&#8221;on|tablet&#8221; header_3_font_size_tablet=&#8221;20px&#8221; header_3_font_size_last_edited=&#8221;on|tablet&#8221; use_border_color=&#8221;off&#8221; border_color=&#8221;#ffffff&#8221; border_style=&#8221;solid&#8221; global_colors_info=&#8221;{}&#8221; background_size=&#8221;initial&#8221; background_position=&#8221;top_left&#8221; background_repeat=&#8221;repeat&#8221; hover_enabled=&#8221;0&#8243; sticky_enabled=&#8221;0&#8243; header_2_font_size_phone=&#8221;24px&#8221; header_3_font_size_phone=&#8221;20px&#8221;]<\/p>\n<h3>Gu\u00eda Oficial de Turismo, \u00bfqu\u00e9 diferencia hay con otras gu\u00edas?<\/h3>\n<p>La Generalitat de Catalunya es la administraci\u00f3n p\u00fablica que concede las habilitaciones de Gu\u00eda Oficial de Turismo de Catalunya.<\/p>\n<p>Un Gu\u00eda Oficial te ofrece la garant\u00eda de que ha superado el proceso selectivo, donde ha tenido que demostrar conocimientos suficientes sobre historia, tradiciones, cultura, actualidad, \u2026 debiendo adem\u00e1s evidenciar su capacidad de explicaci\u00f3n en p\u00fablico.<\/p>\n<p>La principal ventaja para vosotros es que,\u00a0<strong>solo un\u00a0Gu\u00eda\u00a0Oficial puede realizar explicaciones en el interior de cualquier monumento<\/strong>, y generalmente podremos entrar por un acceso independiente,\u00a0<strong>evitando colas<\/strong>\u00a0y ganando tiempo.<\/p>\n<p>&nbsp;<\/p>\n<h3>\u00bfHay que estar con mucha antelaci\u00f3n en el lugar de inicio de la ruta?<\/h3>\n<p>El Gu\u00eda estar\u00e1 5-10 minutos antes del inicio de la ruta. En visitas en grupo abierto, os pedimos que no llegu\u00e9is tarde, ya que por respeto al grupo, iniciaremos la ruta puntualmente. En visitas privadas tu eres due\u00f1@ del tiempo, pero intenta por favor ser puntual para que pod\u00e1is hacer todo el programa previsto sin apuros.<\/p>\n<p>&nbsp;<\/p>\n<h3>\u00bfPuedo pagar al Gu\u00eda en mano el d\u00eda del Tour?<\/h3>\n<p>Es necesario realizar pago previo, especialmente si tu Tour incluye entradas a alg\u00fan lugar de pago, transporte privado o restaurante.<\/p>\n<p>&nbsp;<\/p>\n<h3>\u00bfPod\u00e9is hacerme factura?\u00a0<\/h3>\n<p>Por supuesto; env\u00edanos tus datos fiscales y te la enviaremos muy r\u00e1pido.<\/p>\n<p>&nbsp;<\/p>\n<h3>\u00bfHac\u00e9is descuento por familia numerosa, para menores de edad, jubilados, discapacitados\u2026. ?<\/h3>\n<p>Si tu visita incluye el acceso a alg\u00fan lugar de pago, es habitual que los precios de las entradas tengan precios especiales para estos colectivos.\u00a0 No olvides indicarlo al hacer tu reserva.<\/p>\n<p>[\/et_pb_text][\/et_pb_column][\/et_pb_row][\/et_pb_section]<\/p>\n","protected":false},"excerpt":{"rendered":"<p>\u00bfQuieres visitar Barcelona y no sabes c\u00f3mo contratar una Gu\u00eda Oficial? En este apartado te explicamos todo lo necesario para tu viaje. <\/p>\n","protected":false},"author":4,"featured_media":0,"parent":0,"menu_order":0,"comment_status":"closed","ping_status":"closed","template":"","meta":{"_acf_changed":false,"_et_pb_use_builder":"on","_et_pb_old_content":"","_et_gb_content_width":"","footnotes":""},"class_list":["post-5395","page","type-page","status-publish","hentry"],"acf":[],"yoast_head":"<!-- This site is optimized with the Yoast SEO plugin v27.5 - https:\/\/yoast.com\/product\/yoast-seo-wordpress\/ -->\n<title>FAQs - TeGuioEnBarcelona<\/title>\n<meta name=\"description\" content=\"\u00bfQuieres visitar Barcelona y no sabes c\u00f3mo contratar una Gu\u00eda Oficial? En este apartado te explicamos todo lo necesario para tu viaje.\" \/>\n<meta name=\"robots\" content=\"index, follow, max-snippet:-1, max-image-preview:large, max-video-preview:-1\" \/>\n<link rel=\"canonical\" href=\"https:\/\/teguioenbarcelona.com\/it\/faqs\/\" \/>\n<meta property=\"og:locale\" content=\"it_IT\" \/>\n<meta property=\"og:type\" content=\"article\" \/>\n<meta property=\"og:title\" content=\"FAQs - TeGuioEnBarcelona\" \/>\n<meta property=\"og:description\" content=\"\u00bfQuieres visitar Barcelona y no sabes c\u00f3mo contratar una Gu\u00eda Oficial? En este apartado te explicamos todo lo necesario para tu viaje.\" \/>\n<meta property=\"og:url\" content=\"https:\/\/teguioenbarcelona.com\/it\/faqs\/\" \/>\n<meta property=\"og:site_name\" content=\"TeGuioEnBarcelona\" \/>\n<meta name=\"twitter:card\" content=\"summary_large_image\" \/>\n<meta name=\"twitter:label1\" content=\"Tempo di lettura stimato\" \/>\n\t<meta name=\"twitter:data1\" content=\"3 minuti\" \/>\n<script type=\"application\/ld+json\" class=\"yoast-schema-graph\">{\"@context\":\"https:\\\/\\\/schema.org\",\"@graph\":[{\"@type\":\"WebPage\",\"@id\":\"https:\\\/\\\/teguioenbarcelona.com\\\/it\\\/faqs\\\/\",\"url\":\"https:\\\/\\\/teguioenbarcelona.com\\\/it\\\/faqs\\\/\",\"name\":\"FAQs - TeGuioEnBarcelona\",\"isPartOf\":{\"@id\":\"https:\\\/\\\/teguioenbarcelona.com\\\/#website\"},\"datePublished\":\"2023-12-21T10:39:25+00:00\",\"description\":\"\u00bfQuieres visitar Barcelona y no sabes c\u00f3mo contratar una Gu\u00eda Oficial? En este apartado te explicamos todo lo necesario para tu viaje.\",\"breadcrumb\":{\"@id\":\"https:\\\/\\\/teguioenbarcelona.com\\\/it\\\/faqs\\\/#breadcrumb\"},\"inLanguage\":\"it-IT\",\"potentialAction\":[{\"@type\":\"ReadAction\",\"target\":[\"https:\\\/\\\/teguioenbarcelona.com\\\/it\\\/faqs\\\/\"]}]},{\"@type\":\"BreadcrumbList\",\"@id\":\"https:\\\/\\\/teguioenbarcelona.com\\\/it\\\/faqs\\\/#breadcrumb\",\"itemListElement\":[{\"@type\":\"ListItem\",\"position\":1,\"name\":\"Portada\",\"item\":\"https:\\\/\\\/teguioenbarcelona.com\\\/\"},{\"@type\":\"ListItem\",\"position\":2,\"name\":\"FAQs\"}]},{\"@type\":\"WebSite\",\"@id\":\"https:\\\/\\\/teguioenbarcelona.com\\\/#website\",\"url\":\"https:\\\/\\\/teguioenbarcelona.com\\\/\",\"name\":\"TeGuioEnBarcelona\",\"description\":\"Visita Barcelona con Gu\u00eda Oficial\",\"potentialAction\":[{\"@type\":\"SearchAction\",\"target\":{\"@type\":\"EntryPoint\",\"urlTemplate\":\"https:\\\/\\\/teguioenbarcelona.com\\\/?s={search_term_string}\"},\"query-input\":{\"@type\":\"PropertyValueSpecification\",\"valueRequired\":true,\"valueName\":\"search_term_string\"}}],\"inLanguage\":\"it-IT\"}]}<\/script>\n<!-- \/ Yoast SEO plugin. -->","yoast_head_json":{"title":"FAQs - TeGuioEnBarcelona","description":"\u00bfQuieres visitar Barcelona y no sabes c\u00f3mo contratar una Gu\u00eda Oficial? En este apartado te explicamos todo lo necesario para tu viaje.","robots":{"index":"index","follow":"follow","max-snippet":"max-snippet:-1","max-image-preview":"max-image-preview:large","max-video-preview":"max-video-preview:-1"},"canonical":"https:\/\/teguioenbarcelona.com\/it\/faqs\/","og_locale":"it_IT","og_type":"article","og_title":"FAQs - TeGuioEnBarcelona","og_description":"\u00bfQuieres visitar Barcelona y no sabes c\u00f3mo contratar una Gu\u00eda Oficial? En este apartado te explicamos todo lo necesario para tu viaje.","og_url":"https:\/\/teguioenbarcelona.com\/it\/faqs\/","og_site_name":"TeGuioEnBarcelona","twitter_card":"summary_large_image","twitter_misc":{"Tempo di lettura stimato":"3 minuti"},"schema":{"@context":"https:\/\/schema.org","@graph":[{"@type":"WebPage","@id":"https:\/\/teguioenbarcelona.com\/it\/faqs\/","url":"https:\/\/teguioenbarcelona.com\/it\/faqs\/","name":"FAQs - TeGuioEnBarcelona","isPartOf":{"@id":"https:\/\/teguioenbarcelona.com\/#website"},"datePublished":"2023-12-21T10:39:25+00:00","description":"\u00bfQuieres visitar Barcelona y no sabes c\u00f3mo contratar una Gu\u00eda Oficial? En este apartado te explicamos todo lo necesario para tu viaje.","breadcrumb":{"@id":"https:\/\/teguioenbarcelona.com\/it\/faqs\/#breadcrumb"},"inLanguage":"it-IT","potentialAction":[{"@type":"ReadAction","target":["https:\/\/teguioenbarcelona.com\/it\/faqs\/"]}]},{"@type":"BreadcrumbList","@id":"https:\/\/teguioenbarcelona.com\/it\/faqs\/#breadcrumb","itemListElement":[{"@type":"ListItem","position":1,"name":"Portada","item":"https:\/\/teguioenbarcelona.com\/"},{"@type":"ListItem","position":2,"name":"FAQs"}]},{"@type":"WebSite","@id":"https:\/\/teguioenbarcelona.com\/#website","url":"https:\/\/teguioenbarcelona.com\/","name":"TeGuioEnBarcelona","description":"Visita Barcelona con Gu\u00eda Oficial","potentialAction":[{"@type":"SearchAction","target":{"@type":"EntryPoint","urlTemplate":"https:\/\/teguioenbarcelona.com\/?s={search_term_string}"},"query-input":{"@type":"PropertyValueSpecification","valueRequired":true,"valueName":"search_term_string"}}],"inLanguage":"it-IT"}]}},"_links":{"self":[{"href":"https:\/\/teguioenbarcelona.com\/it\/wp-json\/wp\/v2\/pages\/5395","targetHints":{"allow":["GET"]}}],"collection":[{"href":"https:\/\/teguioenbarcelona.com\/it\/wp-json\/wp\/v2\/pages"}],"about":[{"href":"https:\/\/teguioenbarcelona.com\/it\/wp-json\/wp\/v2\/types\/page"}],"author":[{"embeddable":true,"href":"https:\/\/teguioenbarcelona.com\/it\/wp-json\/wp\/v2\/users\/4"}],"replies":[{"embeddable":true,"href":"https:\/\/teguioenbarcelona.com\/it\/wp-json\/wp\/v2\/comments?post=5395"}],"version-history":[{"count":2,"href":"https:\/\/teguioenbarcelona.com\/it\/wp-json\/wp\/v2\/pages\/5395\/revisions"}],"predecessor-version":[{"id":5397,"href":"https:\/\/teguioenbarcelona.com\/it\/wp-json\/wp\/v2\/pages\/5395\/revisions\/5397"}],"wp:attachment":[{"href":"https:\/\/teguioenbarcelona.com\/it\/wp-json\/wp\/v2\/media?parent=5395"}],"curies":[{"name":"wp","href":"https:\/\/api.w.org\/{rel}","templated":true}]}}