{"id":5675,"date":"2024-01-29T11:19:53","date_gmt":"2024-01-29T10:19:53","guid":{"rendered":"https:\/\/teguioenbarcelona.com\/o-nas\/"},"modified":"2024-01-29T12:01:32","modified_gmt":"2024-01-29T11:01:32","slug":"quienes-somos","status":"publish","type":"page","link":"https:\/\/teguioenbarcelona.com\/cs\/quienes-somos\/","title":{"rendered":"O n\u00e1s"},"content":{"rendered":"<p>[et_pb_section fb_built=&#8220;1&#8243; disabled_on=&#8220;on|on|off&#8220; _builder_version=&#8220;4.22.2&#8243; _module_preset=&#8220;default&#8220; use_background_color_gradient=&#8220;on&#8220; background_color_gradient_direction=&#8220;45deg&#8220; background_color_gradient_stops=&#8220;#9c0069 0%|#ff6237 100%&#8220; background_image=&#8220;https:\/\/teguioenbarcelona.com\/wp-content\/uploads\/2023\/07\/nosotros.webp&#8220; background_size=&#8220;initial&#8220; background_position=&#8220;top_right&#8220; background_blend=&#8220;multiply&#8220; height=&#8220;470px&#8220; custom_padding=&#8220;20px||0px||false|false&#8220; background_last_edited=&#8220;on|desktop&#8220; background_position_phone=&#8220;bottom_center&#8220; background_vertical_offset_phone=&#8220;0%&#8220; background_blend_phone=&#8220;multiply&#8220; global_colors_info=&#8220;{}&#8220;][et_pb_row _builder_version=&#8220;4.22.2&#8243; _module_preset=&#8220;default&#8220; custom_margin=&#8220;30px|auto||auto|false|false&#8220; custom_margin_tablet=&#8220;76px|auto||auto||&#8220; custom_margin_phone=&#8220;40px||||false|false&#8220; custom_margin_last_edited=&#8220;on|phone&#8220; custom_padding=&#8220;0px||0px||true|false&#8220; global_colors_info=&#8220;{}&#8220;][et_pb_column type=&#8220;4_4&#8243; _builder_version=&#8220;4.21.0&#8243; _module_preset=&#8220;default&#8220; global_colors_info=&#8220;{}&#8220;][et_pb_text _builder_version=&#8220;4.21.0&#8243; _module_preset=&#8220;default&#8220; header_font=&#8220;|700|||||||&#8220; header_text_color=&#8220;#ff8563&#8243; header_font_size=&#8220;23px&#8220; custom_margin=&#8220;0px||0px||false|false&#8220; custom_padding=&#8220;||0px||false|false&#8220; locked=&#8220;off&#8220; global_colors_info=&#8220;{}&#8220;]<\/p>\n<h1>We are Te Guio Barcelona<\/h1>\n<p>[\/et_pb_text][et_pb_text _builder_version=&#8220;4.21.0&#8243; _module_preset=&#8220;default&#8220; header_font=&#8220;|300|||||||&#8220; header_text_color=&#8220;#FFFFFF&#8220; header_font_size=&#8220;48px&#8220; custom_margin_tablet=&#8220;&#8220; custom_margin_phone=&#8220;||10px||false|false&#8220; custom_margin_last_edited=&#8220;on|phone&#8220; custom_padding=&#8220;|40%|||false|false&#8220; custom_padding_tablet=&#8220;|20%|||false|false&#8220; custom_padding_phone=&#8220;|5%|||false|false&#8220; custom_padding_last_edited=&#8220;on|desktop&#8220; header_font_size_tablet=&#8220;40px&#8220; header_font_size_phone=&#8220;35px&#8220; header_font_size_last_edited=&#8220;on|tablet&#8220; inline_fonts=&#8220;Playfair Display&#8220; global_colors_info=&#8220;{}&#8220;]<\/p>\n<h1>We are a young team of <strong><em><span style=\"font-family: 'Playfair Display';\">Official Guides<\/span><\/em><\/strong> of <strong>Tourism<\/strong><\/h1>\n<p>[\/et_pb_text][\/et_pb_column][\/et_pb_row][\/et_pb_section][et_pb_section fb_built=&#8220;1&#8243; _builder_version=&#8220;4.22.2&#8243; _module_preset=&#8220;default&#8220; custom_padding=&#8220;20px||25px||false|false&#8220; global_colors_info=&#8220;{}&#8220;][et_pb_row column_structure=&#8220;1_2,1_2&#8243; _builder_version=&#8220;4.21.0&#8243; _module_preset=&#8220;default&#8220; global_colors_info=&#8220;{}&#8220;][et_pb_column type=&#8220;1_2&#8243; _builder_version=&#8220;4.21.0&#8243; _module_preset=&#8220;default&#8220; global_colors_info=&#8220;{}&#8220;][et_pb_image src=&#8220;https:\/\/teguioenbarcelona.com\/wp-content\/uploads\/2023\/09\/nosotros02.webp&#8220; alt=&#8220;nosotros02&#8243; title_text=&#8220;nosotros02&#8243; align_tablet=&#8220;&#8220; align_phone=&#8220;left&#8220; align_last_edited=&#8220;on|phone&#8220; _builder_version=&#8220;4.21.2&#8243; _module_preset=&#8220;default&#8220; width_tablet=&#8220;&#8220; width_phone=&#8220;100%&#8220; width_last_edited=&#8220;on|phone&#8220; custom_margin=&#8220;|||27px|false|false&#8220; custom_margin_tablet=&#8220;|||27px|false|false&#8220; custom_margin_phone=&#8220;|||0px|false|false&#8220; custom_margin_last_edited=&#8220;on|phone&#8220; border_radii=&#8220;on|22px|22px|22px|22px&#8220; global_colors_info=&#8220;{}&#8220;][\/et_pb_image][\/et_pb_column][et_pb_column type=&#8220;1_2&#8243; _builder_version=&#8220;4.21.0&#8243; _module_preset=&#8220;default&#8220; global_colors_info=&#8220;{}&#8220;][et_pb_text _builder_version=&#8220;4.23.1&#8243; _module_preset=&#8220;default&#8220; text_font=&#8220;|300|||||||&#8220; text_font_size=&#8220;21px&#8220; text_line_height=&#8220;1.1em&#8220; hover_enabled=&#8220;0&#8243; global_colors_info=&#8220;{}&#8220; sticky_enabled=&#8220;0&#8243;]TeGuioEnBarcelona (v p\u0159ekladu Provedu t\u011b po Barcelon\u011b) je mlad\u00e1 firma, kterou tvo\u0159\u00ed pr\u016fvodci s licenc\u00ed.<\/p>\n<p>M\u00e1me to \u0161t\u011bst\u00ed, \u017ee \u017eijeme v Barcelon\u011b a \u017ee na\u0161\u00ed prac\u00ed je uk\u00e1zat m\u011bsto lidem, kte\u0159\u00ed p\u0159ij\u00ed\u017ed\u011bj\u00ed za z\u00e1bavou, obchodem \u010di prov\u00e9st m\u00edstn\u00ed obyvatele, kte\u0159\u00ed cht\u011bj\u00ed l\u00e9pe poznat svoje m\u011bsto, jeho historii a kulturu. [\/et_pb_text][et_pb_text _builder_version=&#8220;4.23.1&#8243; _module_preset=&#8220;default&#8220; text_font=&#8220;|300|||||||&#8220; custom_margin=&#8220;-15px||||false|false&#8220; hover_enabled=&#8220;0&#8243; global_colors_info=&#8220;{}&#8220; sticky_enabled=&#8220;0&#8243; link_font=&#8220;|700|||on||||&#8220;]<\/p>\n<p>M\u00e1te mo\u017enost Soukrom\u00e9 prohl\u00eddky, b\u011bhem kter\u00e9 tu bude Pr\u016fvodce s licenc\u00ed jenom pro v\u00e1s, bez dal\u0161\u00edch osob ve skupin\u011b. Pr\u016fvodce se tak m\u016f\u017ee l\u00e9pe p\u0159izp\u016fsobit va\u0161im pot\u0159eb\u00e1m a p\u0159\u00e1n\u00edm.<\/p>\n<p>N\u00e1m po\u0161lete email na (<a href=\"mailto:info@teguioenbarcelona.com\">info@teguioenbarcelona.com<\/a>) a my v\u00e1m r\u00e1di zodpov\u00edme jak\u00e9koliv dotazy. Vynasna\u017e\u00edme se v\u00e1m poslat okam\u017eitou odpov\u011b\u010f.<\/p>\n<p>[\/et_pb_text][et_pb_text _builder_version=&#8220;4.23.1&#8243; _module_preset=&#8220;default&#8220; text_font=&#8220;|700|||||||&#8220; text_text_color=&#8220;#FF6237&#8243; custom_margin=&#8220;-15px||||false|false&#8220; hover_enabled=&#8220;0&#8243; global_colors_info=&#8220;{}&#8220; sticky_enabled=&#8220;0&#8243;]Nejsme zprost\u0159edkovatel\u00e9[\/et_pb_text][et_pb_text _builder_version=&#8220;4.23.1&#8243; _module_preset=&#8220;default&#8220; text_font=&#8220;|300|||||||&#8220; custom_margin=&#8220;-15px||||false|false&#8220; hover_enabled=&#8220;0&#8243; global_colors_info=&#8220;{}&#8220; sticky_enabled=&#8220;0&#8243; locked=&#8220;off&#8220; link_font=&#8220;|700|||on||||&#8220;]<\/p>\n<p>Chceme b\u00fdt va\u0161imi Pr\u016fvodci.<\/p>\n<p>V\u0161e co je na t\u011bchto webov\u00fdch str\u00e1nk\u00e1ch jsou na\u0161e slu\u017eby, nenab\u00edz\u00edme produkty jin\u00fdch firem.<\/p>\n<p>M\u016f\u017eete n\u00e1m poslat email na <a href=\"mailto:info@teguioenbarcelona.com\">info@teguioenbarcelona.com<\/a>, \u2026 R\u00e1di zodpov\u00edme va\u0161e dotazy.<\/p>\n<p>[\/et_pb_text][et_pb_text _builder_version=&#8220;4.23.1&#8243; _module_preset=&#8220;default&#8220; text_font=&#8220;|700|||||||&#8220; text_text_color=&#8220;#FF6237&#8243; custom_margin=&#8220;-15px||||false|false&#8220; hover_enabled=&#8220;0&#8243; global_colors_info=&#8220;{}&#8220; sticky_enabled=&#8220;0&#8243;]Nejsme nadn\u00e1rodn\u00ed spole\u010dnost[\/et_pb_text][et_pb_text _builder_version=&#8220;4.23.1&#8243; _module_preset=&#8220;default&#8220; text_font=&#8220;|300|||||||&#8220; custom_margin=&#8220;-15px||||false|false&#8220; hover_enabled=&#8220;0&#8243; global_colors_info=&#8220;{}&#8220; sticky_enabled=&#8220;0&#8243;]S\u00eddl\u00edme v Barcelon\u011b a nab\u00edz\u00edme pouze prohl\u00eddky po Barcelon\u011b a okol\u00ed. [\/et_pb_text][\/et_pb_column][\/et_pb_row][\/et_pb_section]<\/p>\n","protected":false},"excerpt":{"rendered":"<p>We explain everything about us as tourist route guides in Barcelona. We are locals, we love Barcelona.<\/p>\n","protected":false},"author":4,"featured_media":0,"parent":0,"menu_order":0,"comment_status":"closed","ping_status":"closed","template":"","meta":{"_acf_changed":false,"_et_pb_use_builder":"on","_et_pb_old_content":"","_et_gb_content_width":"","footnotes":""},"class_list":["post-5675","page","type-page","status-publish","hentry"],"acf":[],"yoast_head":"<!-- This site is optimized with the Yoast SEO plugin v27.5 - https:\/\/yoast.com\/product\/yoast-seo-wordpress\/ -->\n<title>O n\u00e1s - TeGuioEnBarcelona<\/title>\n<meta name=\"description\" content=\"We explain everything about us as tourist route guides in Barcelona. We are locals, we love Barcelona.\" \/>\n<meta name=\"robots\" content=\"index, follow, max-snippet:-1, max-image-preview:large, max-video-preview:-1\" \/>\n<link rel=\"canonical\" href=\"https:\/\/teguioenbarcelona.com\/cs\/quienes-somos\/\" \/>\n<meta property=\"og:locale\" content=\"cs_CZ\" \/>\n<meta property=\"og:type\" content=\"article\" \/>\n<meta property=\"og:title\" content=\"O n\u00e1s - TeGuioEnBarcelona\" \/>\n<meta property=\"og:description\" content=\"We explain everything about us as tourist route guides in Barcelona. We are locals, we love Barcelona.\" \/>\n<meta property=\"og:url\" content=\"https:\/\/teguioenbarcelona.com\/cs\/quienes-somos\/\" \/>\n<meta property=\"og:site_name\" content=\"TeGuioEnBarcelona\" \/>\n<meta property=\"article:modified_time\" content=\"2024-01-29T11:01:32+00:00\" \/>\n<meta name=\"twitter:card\" content=\"summary_large_image\" \/>\n<meta name=\"twitter:label1\" content=\"Odhadovan\u00e1 doba \u010dten\u00ed\" \/>\n\t<meta name=\"twitter:data1\" content=\"2 minuty\" \/>\n<script type=\"application\/ld+json\" class=\"yoast-schema-graph\">{\"@context\":\"https:\\\/\\\/schema.org\",\"@graph\":[{\"@type\":\"WebPage\",\"@id\":\"https:\\\/\\\/teguioenbarcelona.com\\\/cs\\\/quienes-somos\\\/\",\"url\":\"https:\\\/\\\/teguioenbarcelona.com\\\/cs\\\/quienes-somos\\\/\",\"name\":\"O n\u00e1s - TeGuioEnBarcelona\",\"isPartOf\":{\"@id\":\"https:\\\/\\\/teguioenbarcelona.com\\\/#website\"},\"datePublished\":\"2024-01-29T10:19:53+00:00\",\"dateModified\":\"2024-01-29T11:01:32+00:00\",\"description\":\"We explain everything about us as tourist route guides in Barcelona. We are locals, we love Barcelona.\",\"breadcrumb\":{\"@id\":\"https:\\\/\\\/teguioenbarcelona.com\\\/cs\\\/quienes-somos\\\/#breadcrumb\"},\"inLanguage\":\"cs\",\"potentialAction\":[{\"@type\":\"ReadAction\",\"target\":[\"https:\\\/\\\/teguioenbarcelona.com\\\/cs\\\/quienes-somos\\\/\"]}]},{\"@type\":\"BreadcrumbList\",\"@id\":\"https:\\\/\\\/teguioenbarcelona.com\\\/cs\\\/quienes-somos\\\/#breadcrumb\",\"itemListElement\":[{\"@type\":\"ListItem\",\"position\":1,\"name\":\"Portada\",\"item\":\"https:\\\/\\\/teguioenbarcelona.com\\\/\"},{\"@type\":\"ListItem\",\"position\":2,\"name\":\"O n\u00e1s\"}]},{\"@type\":\"WebSite\",\"@id\":\"https:\\\/\\\/teguioenbarcelona.com\\\/#website\",\"url\":\"https:\\\/\\\/teguioenbarcelona.com\\\/\",\"name\":\"TeGuioEnBarcelona\",\"description\":\"Visita Barcelona con Gu\u00eda Oficial\",\"potentialAction\":[{\"@type\":\"SearchAction\",\"target\":{\"@type\":\"EntryPoint\",\"urlTemplate\":\"https:\\\/\\\/teguioenbarcelona.com\\\/?s={search_term_string}\"},\"query-input\":{\"@type\":\"PropertyValueSpecification\",\"valueRequired\":true,\"valueName\":\"search_term_string\"}}],\"inLanguage\":\"cs\"}]}<\/script>\n<!-- \/ Yoast SEO plugin. -->","yoast_head_json":{"title":"O n\u00e1s - TeGuioEnBarcelona","description":"We explain everything about us as tourist route guides in Barcelona. We are locals, we love Barcelona.","robots":{"index":"index","follow":"follow","max-snippet":"max-snippet:-1","max-image-preview":"max-image-preview:large","max-video-preview":"max-video-preview:-1"},"canonical":"https:\/\/teguioenbarcelona.com\/cs\/quienes-somos\/","og_locale":"cs_CZ","og_type":"article","og_title":"O n\u00e1s - TeGuioEnBarcelona","og_description":"We explain everything about us as tourist route guides in Barcelona. We are locals, we love Barcelona.","og_url":"https:\/\/teguioenbarcelona.com\/cs\/quienes-somos\/","og_site_name":"TeGuioEnBarcelona","article_modified_time":"2024-01-29T11:01:32+00:00","twitter_card":"summary_large_image","twitter_misc":{"Odhadovan\u00e1 doba \u010dten\u00ed":"2 minuty"},"schema":{"@context":"https:\/\/schema.org","@graph":[{"@type":"WebPage","@id":"https:\/\/teguioenbarcelona.com\/cs\/quienes-somos\/","url":"https:\/\/teguioenbarcelona.com\/cs\/quienes-somos\/","name":"O n\u00e1s - TeGuioEnBarcelona","isPartOf":{"@id":"https:\/\/teguioenbarcelona.com\/#website"},"datePublished":"2024-01-29T10:19:53+00:00","dateModified":"2024-01-29T11:01:32+00:00","description":"We explain everything about us as tourist route guides in Barcelona. We are locals, we love Barcelona.","breadcrumb":{"@id":"https:\/\/teguioenbarcelona.com\/cs\/quienes-somos\/#breadcrumb"},"inLanguage":"cs","potentialAction":[{"@type":"ReadAction","target":["https:\/\/teguioenbarcelona.com\/cs\/quienes-somos\/"]}]},{"@type":"BreadcrumbList","@id":"https:\/\/teguioenbarcelona.com\/cs\/quienes-somos\/#breadcrumb","itemListElement":[{"@type":"ListItem","position":1,"name":"Portada","item":"https:\/\/teguioenbarcelona.com\/"},{"@type":"ListItem","position":2,"name":"O n\u00e1s"}]},{"@type":"WebSite","@id":"https:\/\/teguioenbarcelona.com\/#website","url":"https:\/\/teguioenbarcelona.com\/","name":"TeGuioEnBarcelona","description":"Visita Barcelona con Gu\u00eda Oficial","potentialAction":[{"@type":"SearchAction","target":{"@type":"EntryPoint","urlTemplate":"https:\/\/teguioenbarcelona.com\/?s={search_term_string}"},"query-input":{"@type":"PropertyValueSpecification","valueRequired":true,"valueName":"search_term_string"}}],"inLanguage":"cs"}]}},"_links":{"self":[{"href":"https:\/\/teguioenbarcelona.com\/cs\/wp-json\/wp\/v2\/pages\/5675","targetHints":{"allow":["GET"]}}],"collection":[{"href":"https:\/\/teguioenbarcelona.com\/cs\/wp-json\/wp\/v2\/pages"}],"about":[{"href":"https:\/\/teguioenbarcelona.com\/cs\/wp-json\/wp\/v2\/types\/page"}],"author":[{"embeddable":true,"href":"https:\/\/teguioenbarcelona.com\/cs\/wp-json\/wp\/v2\/users\/4"}],"replies":[{"embeddable":true,"href":"https:\/\/teguioenbarcelona.com\/cs\/wp-json\/wp\/v2\/comments?post=5675"}],"version-history":[{"count":3,"href":"https:\/\/teguioenbarcelona.com\/cs\/wp-json\/wp\/v2\/pages\/5675\/revisions"}],"predecessor-version":[{"id":5692,"href":"https:\/\/teguioenbarcelona.com\/cs\/wp-json\/wp\/v2\/pages\/5675\/revisions\/5692"}],"wp:attachment":[{"href":"https:\/\/teguioenbarcelona.com\/cs\/wp-json\/wp\/v2\/media?parent=5675"}],"curies":[{"name":"wp","href":"https:\/\/api.w.org\/{rel}","templated":true}]}}