{"id":4658,"date":"2023-11-23T17:44:17","date_gmt":"2023-11-23T16:44:17","guid":{"rendered":"https:\/\/teguioenbarcelona.com\/faqs\/"},"modified":"2023-12-01T12:08:59","modified_gmt":"2023-12-01T11:08:59","slug":"faqs-2","status":"publish","type":"page","link":"https:\/\/teguioenbarcelona.com\/ca\/faqs-2\/","title":{"rendered":"FAQs"},"content":{"rendered":"<p>[et_pb_section fb_built=&#8221;1&#8243; fullwidth=&#8221;on&#8221; admin_label=&#8221;Secci\u00f3n&#8221; _builder_version=&#8221;4.23.1&#8243; background_color=&#8221;#9C0069&#8243; global_colors_info=&#8221;{}&#8221;][et_pb_fullwidth_header title=&#8221;FAQs&#8221; text_orientation=&#8221;center&#8221; content_max_width=&#8221;none&#8221; _builder_version=&#8221;4.23.1&#8243; title_font=&#8221;|700|||||||&#8221; title_text_color=&#8221;#FFFFFF&#8221; background_color=&#8221;rgba(255, 255, 255, 0)&#8221; background_layout=&#8221;light&#8221; button_one_border_radius_hover=&#8221;3&#8243; button_two_border_radius_hover=&#8221;3&#8243; button_one_letter_spacing_hover=&#8221;0&#8243; button_two_letter_spacing_hover=&#8221;0&#8243; global_colors_info=&#8221;{}&#8221; button_one_text_size__hover_enabled=&#8221;off&#8221; button_two_text_size__hover_enabled=&#8221;off&#8221; button_one_text_color__hover_enabled=&#8221;off&#8221; button_two_text_color__hover_enabled=&#8221;off&#8221; button_one_border_width__hover_enabled=&#8221;off&#8221; button_two_border_width__hover_enabled=&#8221;off&#8221; button_one_border_color__hover_enabled=&#8221;off&#8221; button_two_border_color__hover_enabled=&#8221;off&#8221; button_one_border_radius__hover_enabled=&#8221;on&#8221; button_one_border_radius__hover=&#8221;3&#8243; button_two_border_radius__hover_enabled=&#8221;on&#8221; button_two_border_radius__hover=&#8221;3&#8243; button_one_letter_spacing__hover_enabled=&#8221;on&#8221; button_one_letter_spacing__hover=&#8221;0&#8243; button_two_letter_spacing__hover_enabled=&#8221;on&#8221; button_two_letter_spacing__hover=&#8221;0&#8243; button_one_bg_color__hover_enabled=&#8221;off&#8221; button_two_bg_color__hover_enabled=&#8221;off&#8221;][\/et_pb_fullwidth_header][\/et_pb_section][et_pb_section fb_built=&#8221;1&#8243; admin_label=&#8221;Secci\u00f3n&#8221; _builder_version=&#8221;4.23.1&#8243; background_color=&#8221;rgba(0,0,0,0.06)&#8221; custom_padding=&#8221;50px||50px||true|false&#8221; global_colors_info=&#8221;{}&#8221;][et_pb_row admin_label=&#8221;Fila&#8221; _builder_version=&#8221;4.23.1&#8243; background_size=&#8221;initial&#8221; background_position=&#8221;top_left&#8221; background_repeat=&#8221;repeat&#8221; custom_padding=&#8221;0px||0px||true|false&#8221; global_colors_info=&#8221;{}&#8221;][et_pb_column type=&#8221;4_4&#8243; _builder_version=&#8221;4.16&#8243; custom_padding=&#8221;|||&#8221; global_colors_info=&#8221;{}&#8221; custom_padding__hover=&#8221;|||&#8221;][et_pb_text _builder_version=&#8221;4.23.1&#8243; link_font=&#8221;|600|||on|||#9C0069|&#8221; link_text_color=&#8221;#9C0069&#8243; header_2_font=&#8221;|700|||on||||&#8221; header_2_text_color=&#8221;#9C0069&#8243; header_3_font=&#8221;|600|||||||&#8221; header_3_text_color=&#8221;#9C0069&#8243; background_size=&#8221;initial&#8221; background_position=&#8221;top_left&#8221; background_repeat=&#8221;repeat&#8221; custom_margin=&#8221;||0%|||&#8221; header_2_font_size_tablet=&#8221;24px&#8221; header_2_font_size_phone=&#8221;24px&#8221; header_2_font_size_last_edited=&#8221;on|tablet&#8221; header_3_font_size_tablet=&#8221;20px&#8221; header_3_font_size_phone=&#8221;20px&#8221; header_3_font_size_last_edited=&#8221;on|tablet&#8221; use_border_color=&#8221;off&#8221; border_color=&#8221;#ffffff&#8221; border_style=&#8221;solid&#8221; global_colors_info=&#8221;{}&#8221;]<\/p>\n<h3>Guia Oficial de Turisme, quina difer\u00e8ncia hi ha amb altres guies?<\/h3>\n<p>La Generalitat de Catalunya \u00e9s l&#8217;administraci\u00f3 p\u00fablica que concedeix les habilitacions de Guia Oficial de Turisme de Catalunya.<\/p>\n<p>Una Guia Oficial t&#8217;ofereix la garantia que ha superat el proc\u00e9s selectiu, on ha hagut de demostrar coneixements suficients sobre hist\u00f2ria, tradicions, cultura, actualitat, \u2026 devent a m\u00e9s evidenciar la seva capacitat d&#8217;explicaci\u00f3 en p\u00fablic.<\/p>\n<p>El principal avantatge per a vosaltres \u00e9s que, <strong>nom\u00e9s una Guia Oficial pot realitzar explicacions a l&#8217;interior de qualsevol monument<\/strong>, i generalment podrem entrar per un acc\u00e9s independent, <strong>evitant cues<\/strong> i guanyant temps.<\/p>\n<p>&nbsp;<\/p>\n<h3>Cal estar amb molta antelaci\u00f3 en el lloc d&#8217;inici de la ruta?<\/h3>\n<p>El Guia estar\u00e0 5-10 minuts abans de l&#8217;inici de la ruta. En visites en grup obert, us demanem que no arribeu tard, ja que per respecte al grup, iniciarem la ruta puntualment. En visites privades la teva ets l&#8217;amo del temps, per\u00f2 intenta si us plau ser puntual perqu\u00e8 pugueu fer tot el programa previst sense dificultats.<\/p>\n<p>&nbsp;<\/p>\n<h3>Puc pagar al Guia en m\u00e0 el dia del Tour?<\/h3>\n<p>\u00c9s necessari realitzar pagament previ, especialment si el teu Tour inclou entrades a algun lloc de pagament, transport privat o restaurant.<\/p>\n<p>&nbsp;<\/p>\n<h3>Podeu fer-me factura?\u00a0<\/h3>\n<p>Per descomptat; envia&#8217;ns les teves dades fiscals i te l&#8217;enviarem molt r\u00e0pid.<\/p>\n<p>&nbsp;<\/p>\n<h3>Feu descompte per fam\u00edlia nombrosa, per a menors d&#8217;edat, jubilats, discapacitats\u2026. ?<\/h3>\n<p>Si la teva visita inclou l&#8217;acc\u00e9s a algun lloc de pagament, \u00e9s habitual que els preus de les entrades tinguin preus especials per a aquests col\u00b7lectius.  No oblidis indicar-ho en fer la teva reserva.<\/p>\n<p>[\/et_pb_text][\/et_pb_column][\/et_pb_row][\/et_pb_section]<\/p>\n","protected":false},"excerpt":{"rendered":"<p>Vols visitar Barcelona i no saps com contractar una Guia Oficial? En aquest apartat t&#8217;expliquem tot el necessari per al teu viatge.<\/p>\n","protected":false},"author":4,"featured_media":605,"parent":0,"menu_order":0,"comment_status":"closed","ping_status":"closed","template":"","meta":{"_acf_changed":false,"_et_pb_use_builder":"on","_et_pb_old_content":"","_et_gb_content_width":"","footnotes":""},"class_list":["post-4658","page","type-page","status-publish","has-post-thumbnail","hentry"],"acf":[],"yoast_head":"<!-- This site is optimized with the Yoast SEO plugin v27.5 - https:\/\/yoast.com\/product\/yoast-seo-wordpress\/ -->\n<title>FAQs - TeGuioEnBarcelona<\/title>\n<meta name=\"description\" content=\"Vols visitar Barcelona i no saps com contractar una Guia Oficial? En aquest apartat t&#039;expliquem tot el necessari per al teu viatge.\" \/>\n<meta name=\"robots\" content=\"index, follow, max-snippet:-1, max-image-preview:large, max-video-preview:-1\" \/>\n<link rel=\"canonical\" href=\"https:\/\/teguioenbarcelona.com\/ca\/faqs-2\/\" \/>\n<meta property=\"og:locale\" content=\"ca_ES\" \/>\n<meta property=\"og:type\" content=\"article\" \/>\n<meta property=\"og:title\" content=\"FAQs - TeGuioEnBarcelona\" \/>\n<meta property=\"og:description\" content=\"Vols visitar Barcelona i no saps com contractar una Guia Oficial? En aquest apartat t&#039;expliquem tot el necessari per al teu viatge.\" \/>\n<meta property=\"og:url\" content=\"https:\/\/teguioenbarcelona.com\/ca\/faqs-2\/\" \/>\n<meta property=\"og:site_name\" content=\"TeGuioEnBarcelona\" \/>\n<meta property=\"article:modified_time\" content=\"2023-12-01T11:08:59+00:00\" \/>\n<meta property=\"og:image\" content=\"https:\/\/teguioenbarcelona.com\/wp-content\/uploads\/2023\/07\/teguio-logo-pagina.png\" \/>\n\t<meta property=\"og:image:width\" content=\"600\" \/>\n\t<meta property=\"og:image:height\" content=\"269\" \/>\n\t<meta property=\"og:image:type\" content=\"image\/png\" \/>\n<meta name=\"twitter:card\" content=\"summary_large_image\" \/>\n<meta name=\"twitter:label1\" content=\"Temps estimat de lectura\" \/>\n\t<meta name=\"twitter:data1\" content=\"2 minuts\" \/>\n<script type=\"application\/ld+json\" class=\"yoast-schema-graph\">{\"@context\":\"https:\\\/\\\/schema.org\",\"@graph\":[{\"@type\":\"WebPage\",\"@id\":\"https:\\\/\\\/teguioenbarcelona.com\\\/ca\\\/faqs-2\\\/\",\"url\":\"https:\\\/\\\/teguioenbarcelona.com\\\/ca\\\/faqs-2\\\/\",\"name\":\"FAQs - TeGuioEnBarcelona\",\"isPartOf\":{\"@id\":\"https:\\\/\\\/teguioenbarcelona.com\\\/#website\"},\"primaryImageOfPage\":{\"@id\":\"https:\\\/\\\/teguioenbarcelona.com\\\/ca\\\/faqs-2\\\/#primaryimage\"},\"image\":{\"@id\":\"https:\\\/\\\/teguioenbarcelona.com\\\/ca\\\/faqs-2\\\/#primaryimage\"},\"thumbnailUrl\":\"https:\\\/\\\/teguioenbarcelona.com\\\/wp-content\\\/uploads\\\/2023\\\/07\\\/teguio-logo-pagina.png\",\"datePublished\":\"2023-11-23T16:44:17+00:00\",\"dateModified\":\"2023-12-01T11:08:59+00:00\",\"description\":\"Vols visitar Barcelona i no saps com contractar una Guia Oficial? En aquest apartat t'expliquem tot el necessari per al teu viatge.\",\"breadcrumb\":{\"@id\":\"https:\\\/\\\/teguioenbarcelona.com\\\/ca\\\/faqs-2\\\/#breadcrumb\"},\"inLanguage\":\"ca\",\"potentialAction\":[{\"@type\":\"ReadAction\",\"target\":[\"https:\\\/\\\/teguioenbarcelona.com\\\/ca\\\/faqs-2\\\/\"]}]},{\"@type\":\"ImageObject\",\"inLanguage\":\"ca\",\"@id\":\"https:\\\/\\\/teguioenbarcelona.com\\\/ca\\\/faqs-2\\\/#primaryimage\",\"url\":\"https:\\\/\\\/teguioenbarcelona.com\\\/wp-content\\\/uploads\\\/2023\\\/07\\\/teguio-logo-pagina.png\",\"contentUrl\":\"https:\\\/\\\/teguioenbarcelona.com\\\/wp-content\\\/uploads\\\/2023\\\/07\\\/teguio-logo-pagina.png\",\"width\":600,\"height\":269,\"caption\":\"TeGuioEnBarcelona\"},{\"@type\":\"BreadcrumbList\",\"@id\":\"https:\\\/\\\/teguioenbarcelona.com\\\/ca\\\/faqs-2\\\/#breadcrumb\",\"itemListElement\":[{\"@type\":\"ListItem\",\"position\":1,\"name\":\"Portada\",\"item\":\"https:\\\/\\\/teguioenbarcelona.com\\\/\"},{\"@type\":\"ListItem\",\"position\":2,\"name\":\"FAQs\"}]},{\"@type\":\"WebSite\",\"@id\":\"https:\\\/\\\/teguioenbarcelona.com\\\/#website\",\"url\":\"https:\\\/\\\/teguioenbarcelona.com\\\/\",\"name\":\"TeGuioEnBarcelona\",\"description\":\"Visita Barcelona con Gu\u00eda Oficial\",\"potentialAction\":[{\"@type\":\"SearchAction\",\"target\":{\"@type\":\"EntryPoint\",\"urlTemplate\":\"https:\\\/\\\/teguioenbarcelona.com\\\/?s={search_term_string}\"},\"query-input\":{\"@type\":\"PropertyValueSpecification\",\"valueRequired\":true,\"valueName\":\"search_term_string\"}}],\"inLanguage\":\"ca\"}]}<\/script>\n<!-- \/ Yoast SEO plugin. -->","yoast_head_json":{"title":"FAQs - TeGuioEnBarcelona","description":"Vols visitar Barcelona i no saps com contractar una Guia Oficial? En aquest apartat t'expliquem tot el necessari per al teu viatge.","robots":{"index":"index","follow":"follow","max-snippet":"max-snippet:-1","max-image-preview":"max-image-preview:large","max-video-preview":"max-video-preview:-1"},"canonical":"https:\/\/teguioenbarcelona.com\/ca\/faqs-2\/","og_locale":"ca_ES","og_type":"article","og_title":"FAQs - TeGuioEnBarcelona","og_description":"Vols visitar Barcelona i no saps com contractar una Guia Oficial? En aquest apartat t'expliquem tot el necessari per al teu viatge.","og_url":"https:\/\/teguioenbarcelona.com\/ca\/faqs-2\/","og_site_name":"TeGuioEnBarcelona","article_modified_time":"2023-12-01T11:08:59+00:00","og_image":[{"width":600,"height":269,"url":"https:\/\/teguioenbarcelona.com\/wp-content\/uploads\/2023\/07\/teguio-logo-pagina.png","type":"image\/png"}],"twitter_card":"summary_large_image","twitter_misc":{"Temps estimat de lectura":"2 minuts"},"schema":{"@context":"https:\/\/schema.org","@graph":[{"@type":"WebPage","@id":"https:\/\/teguioenbarcelona.com\/ca\/faqs-2\/","url":"https:\/\/teguioenbarcelona.com\/ca\/faqs-2\/","name":"FAQs - TeGuioEnBarcelona","isPartOf":{"@id":"https:\/\/teguioenbarcelona.com\/#website"},"primaryImageOfPage":{"@id":"https:\/\/teguioenbarcelona.com\/ca\/faqs-2\/#primaryimage"},"image":{"@id":"https:\/\/teguioenbarcelona.com\/ca\/faqs-2\/#primaryimage"},"thumbnailUrl":"https:\/\/teguioenbarcelona.com\/wp-content\/uploads\/2023\/07\/teguio-logo-pagina.png","datePublished":"2023-11-23T16:44:17+00:00","dateModified":"2023-12-01T11:08:59+00:00","description":"Vols visitar Barcelona i no saps com contractar una Guia Oficial? En aquest apartat t'expliquem tot el necessari per al teu viatge.","breadcrumb":{"@id":"https:\/\/teguioenbarcelona.com\/ca\/faqs-2\/#breadcrumb"},"inLanguage":"ca","potentialAction":[{"@type":"ReadAction","target":["https:\/\/teguioenbarcelona.com\/ca\/faqs-2\/"]}]},{"@type":"ImageObject","inLanguage":"ca","@id":"https:\/\/teguioenbarcelona.com\/ca\/faqs-2\/#primaryimage","url":"https:\/\/teguioenbarcelona.com\/wp-content\/uploads\/2023\/07\/teguio-logo-pagina.png","contentUrl":"https:\/\/teguioenbarcelona.com\/wp-content\/uploads\/2023\/07\/teguio-logo-pagina.png","width":600,"height":269,"caption":"TeGuioEnBarcelona"},{"@type":"BreadcrumbList","@id":"https:\/\/teguioenbarcelona.com\/ca\/faqs-2\/#breadcrumb","itemListElement":[{"@type":"ListItem","position":1,"name":"Portada","item":"https:\/\/teguioenbarcelona.com\/"},{"@type":"ListItem","position":2,"name":"FAQs"}]},{"@type":"WebSite","@id":"https:\/\/teguioenbarcelona.com\/#website","url":"https:\/\/teguioenbarcelona.com\/","name":"TeGuioEnBarcelona","description":"Visita Barcelona con Gu\u00eda Oficial","potentialAction":[{"@type":"SearchAction","target":{"@type":"EntryPoint","urlTemplate":"https:\/\/teguioenbarcelona.com\/?s={search_term_string}"},"query-input":{"@type":"PropertyValueSpecification","valueRequired":true,"valueName":"search_term_string"}}],"inLanguage":"ca"}]}},"_links":{"self":[{"href":"https:\/\/teguioenbarcelona.com\/ca\/wp-json\/wp\/v2\/pages\/4658","targetHints":{"allow":["GET"]}}],"collection":[{"href":"https:\/\/teguioenbarcelona.com\/ca\/wp-json\/wp\/v2\/pages"}],"about":[{"href":"https:\/\/teguioenbarcelona.com\/ca\/wp-json\/wp\/v2\/types\/page"}],"author":[{"embeddable":true,"href":"https:\/\/teguioenbarcelona.com\/ca\/wp-json\/wp\/v2\/users\/4"}],"replies":[{"embeddable":true,"href":"https:\/\/teguioenbarcelona.com\/ca\/wp-json\/wp\/v2\/comments?post=4658"}],"version-history":[{"count":4,"href":"https:\/\/teguioenbarcelona.com\/ca\/wp-json\/wp\/v2\/pages\/4658\/revisions"}],"predecessor-version":[{"id":4900,"href":"https:\/\/teguioenbarcelona.com\/ca\/wp-json\/wp\/v2\/pages\/4658\/revisions\/4900"}],"wp:featuredmedia":[{"embeddable":true,"href":"https:\/\/teguioenbarcelona.com\/ca\/wp-json\/wp\/v2\/media\/605"}],"wp:attachment":[{"href":"https:\/\/teguioenbarcelona.com\/ca\/wp-json\/wp\/v2\/media?parent=4658"}],"curies":[{"name":"wp","href":"https:\/\/api.w.org\/{rel}","templated":true}]}}